{"id":807,"date":"2022-11-21T15:37:03","date_gmt":"2022-11-21T14:37:03","guid":{"rendered":"http:\/\/honesty.cz\/?page_id=807"},"modified":"2026-02-26T10:33:04","modified_gmt":"2026-02-26T09:33:04","slug":"restaurace","status":"publish","type":"page","link":"https:\/\/www.obrisudlibverda.cz\/index.php\/restaurace\/","title":{"rendered":"Restaurace"},"content":{"rendered":"\n<p><strong>Provozn\u00ed doba 2026<\/strong><\/p>\n\n\n\n<p><strong>B\u0159ezen  &#8211; otev\u00edrac\u00ed doba<\/strong>:<\/p>\n\n\n\n<p>St &#8211; Ne 11:00 hod &#8211; 18:00 hod<\/p>\n\n\n\n<ul><li>denn\u00ed nab\u00eddka hotov\u00fdch j\u00eddel tradi\u010dn\u00ed \u010desk\u00e9 kuchyn\u011b<\/li><li>speci\u00e1ln\u00ed nab\u00eddky sez\u00f3nn\u00edch j\u00eddel<\/li><li>rychl\u00e1 j\u00eddla snack menu<\/li><li>nab\u00eddka chlazen\u00fdch n\u00e1poj\u016f <\/li><\/ul>\n\n\n\n<figure class=\"wp-block-image size-large\"><img loading=\"lazy\" width=\"1024\" height=\"771\" src=\"https:\/\/www.obrisudlibverda.cz\/wp-content\/uploads\/2023\/07\/IMG_20230704_070456131_HDR-1024x771.jpg\" alt=\"\" class=\"wp-image-879\" srcset=\"https:\/\/www.obrisudlibverda.cz\/wp-content\/uploads\/2023\/07\/IMG_20230704_070456131_HDR-1024x771.jpg 1024w, https:\/\/www.obrisudlibverda.cz\/wp-content\/uploads\/2023\/07\/IMG_20230704_070456131_HDR-300x226.jpg 300w, https:\/\/www.obrisudlibverda.cz\/wp-content\/uploads\/2023\/07\/IMG_20230704_070456131_HDR-768x578.jpg 768w, https:\/\/www.obrisudlibverda.cz\/wp-content\/uploads\/2023\/07\/IMG_20230704_070456131_HDR-1536x1157.jpg 1536w, https:\/\/www.obrisudlibverda.cz\/wp-content\/uploads\/2023\/07\/IMG_20230704_070456131_HDR-2048x1542.jpg 2048w\" sizes=\"(max-width: 767px) 89vw, (max-width: 1000px) 54vw, (max-width: 1071px) 543px, 580px\" \/><\/figure>\n","protected":false},"excerpt":{"rendered":"<p>Provozn\u00ed doba 2026 B\u0159ezen &#8211; otev\u00edrac\u00ed doba: St &#8211; Ne 11:00 hod &#8211; 18:00 hod denn\u00ed nab\u00eddka hotov\u00fdch j\u00eddel tradi\u010dn\u00ed \u010desk\u00e9 kuchyn\u011b speci\u00e1ln\u00ed nab\u00eddky sez\u00f3nn\u00edch j\u00eddel rychl\u00e1 j\u00eddla snack menu nab\u00eddka chlazen\u00fdch n\u00e1poj\u016f<\/p>\n","protected":false},"author":1,"featured_media":848,"parent":0,"menu_order":0,"comment_status":"closed","ping_status":"closed","template":"","meta":[],"_links":{"self":[{"href":"https:\/\/www.obrisudlibverda.cz\/index.php\/wp-json\/wp\/v2\/pages\/807"}],"collection":[{"href":"https:\/\/www.obrisudlibverda.cz\/index.php\/wp-json\/wp\/v2\/pages"}],"about":[{"href":"https:\/\/www.obrisudlibverda.cz\/index.php\/wp-json\/wp\/v2\/types\/page"}],"author":[{"embeddable":true,"href":"https:\/\/www.obrisudlibverda.cz\/index.php\/wp-json\/wp\/v2\/users\/1"}],"replies":[{"embeddable":true,"href":"https:\/\/www.obrisudlibverda.cz\/index.php\/wp-json\/wp\/v2\/comments?post=807"}],"version-history":[{"count":12,"href":"https:\/\/www.obrisudlibverda.cz\/index.php\/wp-json\/wp\/v2\/pages\/807\/revisions"}],"predecessor-version":[{"id":918,"href":"https:\/\/www.obrisudlibverda.cz\/index.php\/wp-json\/wp\/v2\/pages\/807\/revisions\/918"}],"wp:featuredmedia":[{"embeddable":true,"href":"https:\/\/www.obrisudlibverda.cz\/index.php\/wp-json\/wp\/v2\/media\/848"}],"wp:attachment":[{"href":"https:\/\/www.obrisudlibverda.cz\/index.php\/wp-json\/wp\/v2\/media?parent=807"}],"curies":[{"name":"wp","href":"https:\/\/api.w.org\/{rel}","templated":true}]}}